{"id":33998,"date":"2023-02-05T14:15:15","date_gmt":"2023-02-05T19:15:15","guid":{"rendered":"https:\/\/www.setasdesiecha.com\/academia\/?page_id=33998"},"modified":"2023-06-20T09:58:10","modified_gmt":"2023-06-20T14:58:10","slug":"integridad-del-contenido","status":"publish","type":"page","link":"https:\/\/www.setasdesiecha.com\/academia\/integridad-del-contenido\/","title":{"rendered":"Integridad del contenido"},"content":{"rendered":"\n<p>La experiencia, la autoridad y la confianza son los pilares de todo gran sitio web. Por eso, vamos a hablarle del equipo de integridad de contenidos de Setas de Siecha. Estos expertos dirigen Setas de Siecha y trabajan para garantizar que todos sus contenidos, productos y servicios de salud sean precisos y honestos desde un punto de vista cient\u00edfico.<\/p>\n\n\n\n<p>Nuestra red m\u00e9dica est\u00e1 formada por m\u00e9dicos, enfermeras y otros expertos m\u00e9dicos de todo el campo. Cuentan con a\u00f1os de pr\u00e1ctica cl\u00ednica, experiencia e investigaci\u00f3n que les avalan. Esto garantiza que los lectores de Setas de Siecha reciban la mejor informaci\u00f3n sobre salud, lo que respalda nuestro objetivo de hacer que todo nuestro contenido sea m\u00e1s inclusivo y justo en lo que respecta a la salud.<\/p>\n\n\n\n<p>No publicamos contenidos sobre salud hasta que nuestros expertos han verificado que son correctos y est\u00e1n respaldados por las investigaciones m\u00e1s recientes. Busque la etiqueta de revisi\u00f3n m\u00e9dica para asegurarse de que un art\u00edculo sobre las setas Siecha ha cumplido estas normas.<\/p>\n\n\n\n<h3 class=\"wp-block-heading\">Mira qui\u00e9nes somos.<\/h3>\n\n\n\n<p>Nuestro enfoque para garantizar la veracidad de los contenidos<\/p>\n\n\n\n<p>En Setas de Siecha, situamos la precisi\u00f3n m\u00e9dica y editorial de nuestros contenidos en lo m\u00e1s alto de nuestra lista de prioridades. Esto significa que tenemos que tener reglas estrictas sobre c\u00f3mo hacemos el contenido, elegimos temas, juzgamos la investigaci\u00f3n cient\u00edfica y utilizamos el lenguaje.<\/p>\n\n\n\n<h3 class=\"wp-block-heading\">Nuestro m\u00e9todo de elaboraci\u00f3n de contenidos<\/h3>\n\n\n\n<p>El equipo de Siecha Mushrooms desea ofrecerle informaci\u00f3n sanitaria precisa, fiable e imparcial. Nuestro equipo editorial interno trabaja con revisores m\u00e9dicos para elaborar cada contenido. Nos alegra que le interese saber c\u00f3mo editamos, y nos complace informarle sobre nuestros elevados est\u00e1ndares.<\/p>\n\n\n\n<h3 class=\"wp-block-heading\">Gran manera de editar el trabajo<\/h3>\n\n\n\n<p>Cuando se trata de tu salud, la confianza lo es todo, y nosotros lo sabemos. Por eso, queremos mostrarte c\u00f3mo elaboramos contenidos 100% correctos, \u00fatiles y respaldados por expertos.<\/p>\n\n\n\n<p>La diferencia<\/p>\n\n\n\n<p>Existe mucha informaci\u00f3n sobre salud y bienestar. Por ejemplo, Internet est\u00e1 lleno de consejos sobre c\u00f3mo comer mejor, sentirse mejor, amar mejor y vivir mejor. Sin embargo, la ciencia o la medicina no suelen respaldar esta informaci\u00f3n.<\/p>\n\n\n\n<p>En Setas de Siecha queremos basarnos en hechos, no en lo que es popular. Explicamos las cosas dif\u00edciles de entender de forma que todo el mundo pueda comprenderlas.<\/p>\n\n\n\n<h3 class=\"wp-block-heading\">Nuestro objetivo<\/h3>\n\n\n\n<p>Queremos que te sientas bien y que vivas una vida m\u00e1s feliz y saludable en tus propios t\u00e9rminos.<\/p>\n\n\n\n<h3 class=\"wp-block-heading\">\u00bfQu\u00e9 hay detr\u00e1s de lo que escribimos?<\/h3>\n\n\n\n<p>Cada art\u00edculo que lea sobre salud ha sido comprobado, investigado y analizado desde el punto de vista de un experto para que pueda centrarse en lo que importa: usted.<\/p>\n\n\n\n<p>Nuestro objetivo es ayudarle a encontrar la informaci\u00f3n que necesita sin tener que pasar horas busc\u00e1ndola. Esto significa que puede esperar que nuestro contenido sea completo, f\u00e1cil de leer y f\u00e1cil de utilizar en su vida. Intentamos mantener nuestros contenidos actualizados, libres de prejuicios y al m\u00e1s alto nivel.<\/p>\n\n\n\n<h3 class=\"wp-block-heading\">Obtener ayuda de expertos<\/h3>\n\n\n\n<p>Nos hemos asociado con expertos en medicina alternativa para mejorarla cada d\u00eda. Todo nuestro contenido pasa por su exhaustivo proceso de revisi\u00f3n.<\/p>\n\n\n\n<h3 class=\"wp-block-heading\">\u00danicamente los escritores m\u00e1s imaginativos pueden hacerlo.<\/h3>\n\n\n\n<p>En Setas de Siecha, contratamos a los mejores que escriben sobre salud y bienestar. Para asegurarnos de que todo nuestro contenido cumple nuestro objetivo de inclusi\u00f3n y equidad sanitaria, contratamos y formamos a escritores cuyas experiencias personales est\u00e1n relacionadas con los temas de salud que tratamos.<\/p>\n\n\n\n<h3 class=\"wp-block-heading\">Respeta las fuentes originales, las referencias y las citas.<\/h3>\n\n\n\n<p>Nuestros contenidos sobre salud y medicina est\u00e1n bien documentados, y las fuentes se comprueban para asegurar que son recientes, fiables e imparciales. Nuestras estrictas normas sobre d\u00f3nde obtener informaci\u00f3n se centran en fuentes fiables (instituciones acad\u00e9micas de investigaci\u00f3n, organismos gubernamentales y asociaciones m\u00e9dicas).<\/p>\n\n\n\n<h3 class=\"wp-block-heading\">Nos aseguramos de que nuestra informaci\u00f3n est\u00e9 actualizada.<\/h3>\n\n\n\n<p>La informaci\u00f3n sobre la salud cambia constantemente. A medida que pasa el tiempo, se realizan nuevas investigaciones, se demuestra que las viejas ideas son err\u00f3neas y los t\u00e9rminos quedan desfasados.<\/p>\n\n\n\n<p>En Setas de Siecha siempre revisamos y actualizamos nuestros contenidos para asegurarnos de que le ofrecemos la informaci\u00f3n m\u00e1s actualizada y precisa posible. Para ello, contamos con equipos enteros de editores y expertos cuyo trabajo consiste en encontrar y corregir la informaci\u00f3n err\u00f3nea o poco clara.<\/p>\n\n\n\n<h3 class=\"wp-block-heading\">Nuestra voz y nuestro estilo<\/h3>\n\n\n\n<p>Nuestro tono es abierto, amistoso, honesto y f\u00e1cil de entender. Nos encantan los juegos de palabras, pero no nos asusta hablar de cosas dif\u00edciles. Nos preocupamos por la diversidad y la equidad, lo que significa que tratamos temas dif\u00edciles con matices e intentamos incluir voces que no se oyen a menudo. No juzgamos las historias que contamos por qu\u00e9 utilizamos palabras que demuestran que las entendemos.<\/p>\n\n\n\n<h3 class=\"wp-block-heading\">USTED es el motor de todo lo que hacemos.<\/h3>\n\n\n\n<p>As\u00ed es: ustedes, nuestros lectores, son la parte m\u00e1s importante de Setas de Siecha. Les mantenemos al d\u00eda para que Setas de Siecha sea un recurso fiable que pueda utilizar cuando lo necesite.<\/p>\n\n\n\n<p>Todo lo que hacemos en la editorial se basa en la idea de que \u00abt\u00fa importas\u00bb. Piensa en Setas de Siecha como en tu amable proveedor que te da los consejos y las instrucciones adecuadas para que puedas centrarte en tomar la mejor decisi\u00f3n para tu salud.<\/p>\n","protected":false},"excerpt":{"rendered":"<p>La experiencia, la autoridad y la confianza son los pilares de todo gran sitio web. Por eso, vamos a hablarle del equipo de integridad de contenidos de Setas de Siecha. Estos expertos dirigen Setas de Siecha y trabajan para garantizar que todos sus contenidos, productos y servicios de salud sean precisos y honestos desde un [&hellip;]<\/p>\n","protected":false},"author":1,"featured_media":0,"parent":0,"menu_order":0,"comment_status":"closed","ping_status":"closed","template":"","meta":{"footnotes":""},"class_list":["post-33998","page","type-page","status-publish","hentry"],"blocksy_meta":[],"_links":{"self":[{"href":"https:\/\/www.setasdesiecha.com\/academia\/wp-json\/wp\/v2\/pages\/33998","targetHints":{"allow":["GET"]}}],"collection":[{"href":"https:\/\/www.setasdesiecha.com\/academia\/wp-json\/wp\/v2\/pages"}],"about":[{"href":"https:\/\/www.setasdesiecha.com\/academia\/wp-json\/wp\/v2\/types\/page"}],"author":[{"embeddable":true,"href":"https:\/\/www.setasdesiecha.com\/academia\/wp-json\/wp\/v2\/users\/1"}],"replies":[{"embeddable":true,"href":"https:\/\/www.setasdesiecha.com\/academia\/wp-json\/wp\/v2\/comments?post=33998"}],"version-history":[{"count":0,"href":"https:\/\/www.setasdesiecha.com\/academia\/wp-json\/wp\/v2\/pages\/33998\/revisions"}],"wp:attachment":[{"href":"https:\/\/www.setasdesiecha.com\/academia\/wp-json\/wp\/v2\/media?parent=33998"}],"curies":[{"name":"wp","href":"https:\/\/api.w.org\/{rel}","templated":true}]}}