{"id":3305,"date":"2020-01-17T18:13:38","date_gmt":"2020-01-17T23:13:38","guid":{"rendered":"https:\/\/goya.everthemes.com\/demo-basic\/?page_id=3305"},"modified":"2023-06-20T10:23:44","modified_gmt":"2023-06-20T15:23:44","slug":"nosotros","status":"publish","type":"page","link":"https:\/\/www.setasdesiecha.com\/academia\/nosotros\/","title":{"rendered":"Nosotros"},"content":{"rendered":"\n<figure class=\"wp-block-image alignwide size-full\"><img decoding=\"async\" width=\"800\" height=\"566\" src=\"https:\/\/www.setasdesiecha.com\/academia\/curso\/wp-content\/uploads\/2021\/07\/taller-ninos-hongos-2.webp\" alt=\"\" class=\"wp-image-33570\" srcset=\"https:\/\/www.setasdesiecha.com\/academia\/wp-content\/uploads\/2021\/07\/taller-ninos-hongos-2.webp 800w, https:\/\/www.setasdesiecha.com\/academia\/wp-content\/uploads\/2021\/07\/taller-ninos-hongos-2-600x425.webp 600w, https:\/\/www.setasdesiecha.com\/academia\/wp-content\/uploads\/2021\/07\/taller-ninos-hongos-2-300x212.webp 300w, https:\/\/www.setasdesiecha.com\/academia\/wp-content\/uploads\/2021\/07\/taller-ninos-hongos-2-768x543.webp 768w, https:\/\/www.setasdesiecha.com\/academia\/wp-content\/uploads\/2021\/07\/taller-ninos-hongos-2-140x100.webp 140w\" sizes=\"(max-width: 800px) 100vw, 800px\" \/><\/figure>\n\n\n\n<h2 class=\"wp-block-heading\">Sobre nosotros<\/h2>\n\n\n\n<div class=\"wp-block-columns is-layout-flex wp-container-core-columns-is-layout-28f84493 wp-block-columns-is-layout-flex\">\n<div class=\"wp-block-column is-layout-flow wp-block-column-is-layout-flow\" style=\"flex-basis:100%\">\n<div class=\"wp-block-group is-layout-constrained wp-block-group-is-layout-constrained\">\n<p>Somos un equipo de expertos dedicados al mundo de los hongos y las setas. Nuestro objetivo es educar, apoyar y conectar a los productores de hongos, proveedores de cepas y entusiastas.<\/p>\n\n\n\n<p>Ofrecemos cursos en l\u00ednea que profundizan en todos los aspectos del reino de los hongos y el cultivo de hongos. Nuestros cursos est\u00e1n dise\u00f1ados para ayudar a las personas, desde principiantes hasta cultivadores experimentados, a ampliar sus conocimientos y habilidades en el campo.<\/p>\n\n\n\n<p>Adem\u00e1s de nuestros cursos, tambi\u00e9n ofrecemos servicios de consultor\u00eda para proyectos de cultivo de hongos y productos de hongos funcionales. Nuestro equipo de expertos tiene una amplia experiencia en la industria y est\u00e1 aqu\u00ed para ayudarlo a tener \u00e9xito en sus esfuerzos.<\/p>\n\n\n\n<p>Creemos que una comprensi\u00f3n profunda del reino de los <a href=\"https:\/\/www.setasdesiecha.com\/academia\/el-cultivo-de-hongos-comestibles\/\" target=\"_blank\" rel=\"noopener\">hongos y el cultivo<\/a> de hongos es crucial para el crecimiento sostenible de la industria. Nuestra misi\u00f3n es empoderar a individuos y organizaciones para tener un impacto positivo en el mundo a trav\u00e9s del cultivo y uso de hongos.<\/p>\n\n\n\n<p>Gracias por elegirnos como su socio en su viaje en el mundo de los hongos y las setas. Cont\u00e1ctenos para obtener m\u00e1s informaci\u00f3n sobre nuestros cursos y servicios, y c\u00f3mo podemos ayudarlo a tener \u00e9xito.<\/p>\n<\/div>\n<\/div>\n<\/div>\n\n\n\n<div class=\"wp-block-columns alignwide are-vertically-aligned-center is-layout-flex wp-container-core-columns-is-layout-28f84493 wp-block-columns-is-layout-flex\">\n<div class=\"wp-block-column is-vertically-aligned-center is-layout-flow wp-block-column-is-layout-flow\">\n<p style=\"line-height:2\"><strong>Ubicaci\u00f3n:<\/strong><a href=\"https:\/\/g.page\/r\/CSV2obgY1FShEB0\">Macheta,<\/a><a href=\"https:\/\/g.page\/r\/CSV2obgY1FShEB0\"> Cundinamarca, FCA Fungi Flora<\/a><br><\/p>\n<\/div>\n\n\n\n<div class=\"wp-block-column is-vertically-aligned-center is-layout-flow wp-block-column-is-layout-flow\">\n<div class=\"wp-block-buttons is-layout-flex wp-block-buttons-is-layout-flex\">\n<div class=\"wp-block-button\"><a class=\"wp-block-button__link wp-element-button\" href=\"https:\/\/www.setasdesiecha.com\/academia\/contacto\">Cont\u00e1ctanos<\/a><\/div>\n<\/div>\n<\/div>\n\n\n\n<div class=\"wp-block-column is-vertically-aligned-center is-layout-flow wp-block-column-is-layout-flow\">\n<div class=\"wp-block-buttons is-layout-flex wp-block-buttons-is-layout-flex\">\n<div class=\"wp-block-button has-custom-width wp-block-button__width-100\"><a class=\"wp-block-button__link has-text-color has-background wp-element-button\" href=\"https:\/\/www.setasdesiecha.com\/academia\/tienda\" style=\"color:#efefef;background-color:#262626\">Tienda <\/a><\/div>\n<\/div>\n<\/div>\n<\/div>\n","protected":false},"excerpt":{"rendered":"<p>Sobre nosotros Somos un equipo de expertos dedicados al mundo de los hongos y las setas. Nuestro objetivo es educar, apoyar y conectar a los productores de hongos, proveedores de cepas y entusiastas. Ofrecemos cursos en l\u00ednea que profundizan en todos los aspectos del reino de los hongos y el cultivo de hongos. Nuestros cursos [&hellip;]<\/p>\n","protected":false},"author":1,"featured_media":0,"parent":0,"menu_order":0,"comment_status":"closed","ping_status":"closed","template":"","meta":{"footnotes":""},"class_list":["post-3305","page","type-page","status-publish","hentry"],"blocksy_meta":[],"_links":{"self":[{"href":"https:\/\/www.setasdesiecha.com\/academia\/wp-json\/wp\/v2\/pages\/3305","targetHints":{"allow":["GET"]}}],"collection":[{"href":"https:\/\/www.setasdesiecha.com\/academia\/wp-json\/wp\/v2\/pages"}],"about":[{"href":"https:\/\/www.setasdesiecha.com\/academia\/wp-json\/wp\/v2\/types\/page"}],"author":[{"embeddable":true,"href":"https:\/\/www.setasdesiecha.com\/academia\/wp-json\/wp\/v2\/users\/1"}],"replies":[{"embeddable":true,"href":"https:\/\/www.setasdesiecha.com\/academia\/wp-json\/wp\/v2\/comments?post=3305"}],"version-history":[{"count":0,"href":"https:\/\/www.setasdesiecha.com\/academia\/wp-json\/wp\/v2\/pages\/3305\/revisions"}],"wp:attachment":[{"href":"https:\/\/www.setasdesiecha.com\/academia\/wp-json\/wp\/v2\/media?parent=3305"}],"curies":[{"name":"wp","href":"https:\/\/api.w.org\/{rel}","templated":true}]}}