{"id":3109,"date":"2019-10-24T00:57:41","date_gmt":"2019-10-24T05:57:41","guid":{"rendered":"https:\/\/goya.everthemes.com\/demo-fashion\/?page_id=3109"},"modified":"2019-10-24T00:57:41","modified_gmt":"2019-10-24T05:57:41","slug":"politicas-de-privacidad","status":"publish","type":"page","link":"https:\/\/www.setasdesiecha.com\/academia\/politicas-de-privacidad\/","title":{"rendered":"Pol\u00edticas de privacidad"},"content":{"rendered":"\n<h3 class=\"wp-block-heading\">Sobre nosotros<\/h3>\n\n\n\n<p>La direcci\u00f3n de nuestro sitio web es: Setas de siecha<\/p>\n\n\n\n<p>Qu\u00e9 informaci\u00f3n personal recopilamos y por qu\u00e9 lo hacemos<\/p>\n\n\n\n<h3 class=\"wp-block-heading\">Comentarios<\/h3>\n\n\n\n<p>Cuando las personas dejan comentarios en el sitio web de Setas de siecha, recopilan la informaci\u00f3n del formulario de comentarios, as\u00ed como la direcci\u00f3n IP del visitante y la cadena del agente de usuario del navegador, lo que les ayuda a encontrar spam.<\/p>\n\n\n\n<p>El servicio Gravatar puede obtener una cadena an\u00f3nima creada a partir de su direcci\u00f3n de correo electr\u00f3nico, llamada hash, para comprobar si la est\u00e1 utilizando. Aqu\u00ed es donde puede encontrar la pol\u00edtica de privacidad del servicio Gravatar: https:\/\/automattic.com\/privacy\/. Una vez que se aprueba su comentario, el p\u00fablico puede ver su foto de perfil junto a su comentario.<\/p>\n\n\n\n<h3 class=\"wp-block-heading\">Medios de comunicaci\u00f3n<\/h3>\n\n\n\n<p>Si carga im\u00e1genes en un sitio web, no debe cargar im\u00e1genes que tengan datos de GPS EXIF \u200b\u200bintegrados. Las im\u00e1genes del sitio web se pueden descargar y utilizar para averiguar d\u00f3nde se tomaron.<\/p>\n\n\n\n<h3 class=\"wp-block-heading\">Galletas<\/h3>\n\n\n\n<p>Puede optar por guardar su nombre, direcci\u00f3n de correo electr\u00f3nico y sitio web en cookies si deja un comentario en nuestro sitio. Estos son para su conveniencia para que no tenga que volver a ingresar su informaci\u00f3n cada vez que deje un comentario. Estas cookies se pueden conservar durante un a\u00f1o.<\/p>\n\n\n\n<p>Si tiene una cuenta e inicia sesi\u00f3n en este sitio, estableceremos una cookie temporal para ver si su navegador puede manejar cookies. Esta cookie no contiene informaci\u00f3n personal, y cuando cierra su navegador, desaparece.<\/p>\n\n\n\n<p>Cuando inicie sesi\u00f3n, tambi\u00e9n configuraremos algunas cookies para recordar su informaci\u00f3n de inicio de sesi\u00f3n y la forma en que desea que se vea su pantalla. Las cookies para iniciar sesi\u00f3n duran dos d\u00edas y las cookies para configurar su pantalla duran un a\u00f1o. Si elige \u00abRecordarme\u00bb, podr\u00e1 usar el mismo inicio de sesi\u00f3n durante dos semanas. Si cierra sesi\u00f3n en su cuenta, se eliminar\u00e1n las cookies que le permiten iniciar sesi\u00f3n.<\/p>\n\n\n\n<p>Si realiza cambios en un art\u00edculo o lo publica, su navegador guardar\u00e1 una cookie adicional. Esta cookie no contiene ninguna informaci\u00f3n personal; solo muestra el ID de la publicaci\u00f3n del art\u00edculo que acaba de editar. Solo funciona un d\u00eda. Contenido de otros sitios web que se ha incrustado<\/p>\n\n\n\n<p>Puede haber contenido incrustado en algunos de los art\u00edculos de este sitio (por ejemplo, videos, im\u00e1genes, art\u00edculos, etc.). Cuando incrusta contenido de otro sitio web, act\u00faa exactamente igual que si el visitante hubiera ido a ese otro sitio web.<\/p>\n\n\n\n<p>Estos sitios web pueden recopilar informaci\u00f3n sobre usted, usar cookies, incrustar el seguimiento de terceros y observar c\u00f3mo interact\u00faa con el contenido incrustado. Tambi\u00e9n pueden realizar un seguimiento de c\u00f3mo interact\u00faa con el contenido incrustado si tiene una cuenta en ese sitio web y ha iniciado sesi\u00f3n.<\/p>\n\n\n\n<h3 class=\"wp-block-heading\">A qui\u00e9n le damos su informaci\u00f3n<\/h3>\n\n\n\n<p>Si realiza cambios en un art\u00edculo o lo publica, su navegador guardar\u00e1 una cookie adicional. Esta cookie no contiene ninguna informaci\u00f3n personal; solo muestra el ID de la publicaci\u00f3n del art\u00edculo que acaba de editar. S\u00f3lo es bueno para un d\u00eda.<\/p>\n\n\n\n<h3 class=\"wp-block-heading\">Cu\u00e1nto tiempo conservamos su informaci\u00f3n<\/h3>\n\n\n\n<p>Si dejas un comentario, el comentario y la informaci\u00f3n al respecto se conservan para siempre. Esto es para que cualquier comentario de seguimiento sea reconocido y aprobado autom\u00e1ticamente, en lugar de tener que esperar en una cola de moderaci\u00f3n.<\/p>\n\n\n\n<p>Si un usuario se registra en nuestro sitio web, tambi\u00e9n conservamos la informaci\u00f3n personal que nos proporciona en su perfil de usuario. Todos los usuarios siempre pueden ver, cambiar o deshacerse de su informaci\u00f3n personal (excepto que no pueden cambiar su nombre de usuario). Los administradores del sitio web tambi\u00e9n pueden ver y cambiar esta informaci\u00f3n.<\/p>\n\n\n\n<h3 class=\"wp-block-heading\">Qu\u00e9 puedes hacer con tu informaci\u00f3n<\/h3>\n\n\n\n<p>Si tiene una cuenta en este sitio o ha dejado comentarios, puede solicitar obtener un archivo con toda la informaci\u00f3n personal que tenemos sobre usted, incluida cualquier informaci\u00f3n que nos haya proporcionado. Tambi\u00e9n puede pedirnos que eliminemos cualquier informaci\u00f3n sobre usted que tengamos. Esto no incluye ninguna informaci\u00f3n que debamos conservar por motivos legales, administrativos o de seguridad.<\/p>\n\n\n\n<h3 class=\"wp-block-heading\">D\u00f3nde ir\u00e1 tu informaci\u00f3n<\/h3>\n\n\n\n<p>Se puede utilizar un servicio que comprueba si hay spam para comprobar los comentarios de los visitantes.<\/p>\n\n\n\n<h3 class=\"wp-block-heading\">Informaci\u00f3n m\u00e1s all\u00e1 de esto<\/h3>\n\n\n\n<p>Si realiza cambios en un art\u00edculo o lo publica, su navegador guardar\u00e1 una cookie adicional. Esta cookie no contiene ninguna informaci\u00f3n personal; solo muestra el ID de la publicaci\u00f3n del art\u00edculo que acaba de editar. S\u00f3lo es bueno para un d\u00eda.<\/p>\n\n\n\n<p>C\u00f3mo mantenemos segura su informaci\u00f3n: Setas de siecha se toma muy en serio la seguridad de su informaci\u00f3n. Tomamos una serie de medidas t\u00e9cnicas y organizativas para proteger la privacidad, la precisi\u00f3n y la disponibilidad de su informaci\u00f3n personal. Usamos el cifrado para mantener los datos seguros mientras se env\u00edan y se almacenan, y solo permitimos que los empleados que necesitan ver informaci\u00f3n personal para hacer su trabajo la vean.<\/p>\n\n\n\n<p>Qu\u00e9 planes tenemos para una violaci\u00f3n de datos: si hay una violaci\u00f3n de datos, Setas de siecha tiene planes para investigar y reparar la violaci\u00f3n r\u00e1pidamente. Tan pronto como podamos, informaremos a las personas afectadas sobre la infracci\u00f3n y tomaremos medidas para reducir cualquier da\u00f1o que pueda causar.<\/p>\n\n\n\n<p>De qu\u00e9 terceros obtenemos datos: Setas de siecha puede obtener datos de terceros proveedores de servicios, como procesadores de pago y proveedores de an\u00e1lisis. Nos aseguramos de que estos proveedores externos cumplan con nuestros altos est\u00e1ndares de protecci\u00f3n de datos y tengan las medidas adecuadas para hacerlo.<\/p>\n\n\n\n<p>Qu\u00e9 decisiones y\/o perfiles automatizados tomamos con los datos de los usuarios: Setas de Siecha no utiliza datos de los usuarios para decisiones o perfiles automatizados. Intentamos brindar a nuestros usuarios experiencias personalizadas, pero no utilizamos sistemas automatizados para tomar decisiones importantes que puedan afectar mucho a nuestros usuarios.<\/p>\n\n\n\n<p>Requisitos reglamentarios para la industria: Setas de siecha sigue todas las leyes y normas de protecci\u00f3n de datos, como el Reglamento general de protecci\u00f3n de datos (GDPR) y la Ley de privacidad del consumidor de California (CCPA). Si la ley lo exige, proporcionaremos informaci\u00f3n personal a las fuerzas del orden, agencias reguladoras u otros terceros seg\u00fan sea necesario para cumplir con la ley.<\/p>\n","protected":false},"excerpt":{"rendered":"<p>Sobre nosotros La direcci\u00f3n de nuestro sitio web es: Setas de siecha Qu\u00e9 informaci\u00f3n personal recopilamos y por qu\u00e9 lo hacemos Comentarios Cuando las personas dejan comentarios en el sitio web de Setas de siecha, recopilan la informaci\u00f3n del formulario de comentarios, as\u00ed como la direcci\u00f3n IP del visitante y la cadena del agente de [&hellip;]<\/p>\n","protected":false},"author":1,"featured_media":0,"parent":0,"menu_order":0,"comment_status":"closed","ping_status":"closed","template":"","meta":{"footnotes":""},"class_list":["post-3109","page","type-page","status-publish","hentry"],"blocksy_meta":[],"_links":{"self":[{"href":"https:\/\/www.setasdesiecha.com\/academia\/wp-json\/wp\/v2\/pages\/3109","targetHints":{"allow":["GET"]}}],"collection":[{"href":"https:\/\/www.setasdesiecha.com\/academia\/wp-json\/wp\/v2\/pages"}],"about":[{"href":"https:\/\/www.setasdesiecha.com\/academia\/wp-json\/wp\/v2\/types\/page"}],"author":[{"embeddable":true,"href":"https:\/\/www.setasdesiecha.com\/academia\/wp-json\/wp\/v2\/users\/1"}],"replies":[{"embeddable":true,"href":"https:\/\/www.setasdesiecha.com\/academia\/wp-json\/wp\/v2\/comments?post=3109"}],"version-history":[{"count":0,"href":"https:\/\/www.setasdesiecha.com\/academia\/wp-json\/wp\/v2\/pages\/3109\/revisions"}],"wp:attachment":[{"href":"https:\/\/www.setasdesiecha.com\/academia\/wp-json\/wp\/v2\/media?parent=3109"}],"curies":[{"name":"wp","href":"https:\/\/api.w.org\/{rel}","templated":true}]}}