{"id":2221,"date":"2019-07-09T22:15:48","date_gmt":"2019-07-10T03:15:48","guid":{"rendered":"https:\/\/goya.everthemes.com\/demo-basic\/?page_id=2221"},"modified":"2023-06-20T10:44:19","modified_gmt":"2023-06-20T15:44:19","slug":"contacto","status":"publish","type":"page","link":"https:\/\/www.setasdesiecha.com\/academia\/contacto\/","title":{"rendered":"Contacto"},"content":{"rendered":"<p>[vc_row type=\u00bbfull_width_content\u00bb full_screen_row_position=\u00bbmiddle\u00bb column_margin=\u00bbdefault\u00bb equal_height=\u00bbyes\u00bb content_placement=\u00bbmiddle\u00bb column_direction=\u00bbdefault\u00bb column_direction_tablet=\u00bbdefault\u00bb column_direction_phone=\u00bbdefault\u00bb bg_color=\u00bb#f7f7f7&#8243; scene_position=\u00bbcenter\u00bb text_color=\u00bbdark\u00bb text_align=\u00bbleft\u00bb row_border_radius=\u00bbnone\u00bb row_border_radius_applies=\u00bbbg\u00bb overflow=\u00bbvisible\u00bb overlay_strength=\u00bb0.3&#8243; gradient_direction=\u00bbleft_to_right\u00bb shape_divider_position=\u00bbbottom\u00bb bg_image_animation=\u00bbnone\u00bb shape_type=\u00bb\u00bb][vc_column column_padding=\u00bbpadding-8-percent\u00bb column_padding_tablet=\u00bbinherit\u00bb column_padding_phone=\u00bbinherit\u00bb column_padding_position=\u00bball\u00bb column_element_direction_desktop=\u00bbdefault\u00bb column_element_spacing=\u00bbdefault\u00bb desktop_text_alignment=\u00bbdefault\u00bb tablet_text_alignment=\u00bbdefault\u00bb phone_text_alignment=\u00bbdefault\u00bb background_color=\u00bb#0a0a0a\u00bb background_color_opacity=\u00bb0.8&#8243; background_hover_color_opacity=\u00bb1&#8243; background_image=\u00bbhttps:\/\/source.unsplash.com\/featured\/1000&#215;1000\/daily\/?epic\u00bb background_image_position=\u00bbcenter center\u00bb background_image_stacking=\u00bbdefault\u00bb background_image_loading=\u00bbdefault\u00bb column_backdrop_filter=\u00bbnone\u00bb font_color=\u00bb#ffffff\u00bb column_shadow=\u00bbnone\u00bb column_border_radius=\u00bbnone\u00bb column_link_target=\u00bb_self\u00bb column_position=\u00bbdefault\u00bb gradient_direction=\u00bbleft_to_right\u00bb overlay_strength=\u00bb0.3&#8243; width=\u00bb1\/2&#8243; tablet_width_inherit=\u00bbdefault\u00bb animation_type=\u00bbdefault\u00bb bg_image_animation=\u00bbnone\u00bb border_type=\u00bbsimple\u00bb column_border_width=\u00bbnone\u00bb column_border_style=\u00bbsolid\u00bb][vc_custom_heading text=\u00bb\u00bfAlguna Pregunta?<br \/>\nNo hay problema.\u00bb font_container=\u00bbtag:h2|text_align:left|color:%23ffffff\u00bb use_theme_fonts=\u00bbyes\u00bb][vc_column_text css=\u00bb.vc_custom_1687274975786{margin-top: 20px !important;margin-bottom: 60px !important;}\u00bb max_width=\u00bb475&#8243;]<\/p>\n<p>\u00a1Nos encantar\u00eda saber de ti! Ya sea que tenga una pregunta sobre nuestros cursos, servicios o simplemente quiera saludar, estamos aqu\u00ed para ayudarte.<\/p>\n<p>[\/vc_column_text][nectar_cta btn_style=\u00bbsee-through\u00bb heading_tag=\u00bbh5&#8243; button_color=\u00bbdefault\u00bb text_color=\u00bb#ffffff\u00bb button_border_thickness=\u00bb0px\u00bb link_type=\u00bbregular\u00bb alignment=\u00bbleft\u00bb alignment_tablet=\u00bbdefault\u00bb alignment_phone=\u00bbdefault\u00bb display=\u00bbblock\u00bb display_tablet=\u00bbinherit\u00bb display_phone=\u00bbinherit\u00bb link_text=\u00bbServicio al cliente\u00bb url=\u00bbhttps:\/\/wa.me\/573125485810&#8243;][vc_column_text]<\/p>\n<p>Tambi\u00e9n puede comunicarse con nosotros en:<\/p>\n<p>Correo electr\u00f3nico: admin@www.setasdesiecha.com<\/p>\n<p>Tel\u00e9fono: +573125485810<\/p>\n<p>Direcci\u00f3n: Macheta Cundinamarca, Colombia, FCA Fungi Flora<\/p>\n<p>\u00a1Esperamos conectarnos contigo!<\/p>\n<p>[\/vc_column_text][\/vc_column][vc_column column_padding=\u00bbpadding-8-percent\u00bb column_padding_tablet=\u00bbinherit\u00bb column_padding_phone=\u00bbinherit\u00bb column_padding_position=\u00bball\u00bb column_element_direction_desktop=\u00bbdefault\u00bb column_element_spacing=\u00bbdefault\u00bb desktop_text_alignment=\u00bbdefault\u00bb tablet_text_alignment=\u00bbdefault\u00bb phone_text_alignment=\u00bbdefault\u00bb background_color=\u00bb#b8ecce\u00bb background_color_opacity=\u00bb1&#8243; background_hover_color_opacity=\u00bb1&#8243; column_backdrop_filter=\u00bbnone\u00bb column_shadow=\u00bbnone\u00bb column_border_radius=\u00bbnone\u00bb column_link_target=\u00bb_self\u00bb column_position=\u00bbdefault\u00bb gradient_direction=\u00bbleft_to_right\u00bb overlay_strength=\u00bb0.3&#8243; width=\u00bb1\/2&#8243; tablet_width_inherit=\u00bbdefault\u00bb animation_type=\u00bbdefault\u00bb bg_image_animation=\u00bbnone\u00bb border_type=\u00bbsimple\u00bb column_border_width=\u00bbnone\u00bb column_border_style=\u00bbsolid\u00bb][vc_column_text]<\/p>\n<h3>Acerca de Setas de Siecha<\/h3>\n<p>[\/vc_column_text][toggles style=\u00bbminimal_small\u00bb][toggle color=\u00bbDefault\u00bb heading_tag=\u00bbdefault\u00bb heading_tag_functionality=\u00bbdefault\u00bb title=\u00bb\u00bfC\u00f3mo puedo hacer un pedido en la tienda ?\u00bb][vc_column_text]<\/p>\n<p>En la p\u00e1gina de cada producto le das a\u00f1adir al carrito, luego finalizar compra, ingresas los datos del env\u00edo y del pago para concluir. Tambi\u00e9n puedes directamente desde WhatsApp al <a href=\"https:\/\/wa.me\/573125485810\">+573125485810<\/a><\/p>\n<p>[\/vc_column_text][\/toggle][toggle color=\u00bbDefault\u00bb heading_tag=\u00bbdefault\u00bb heading_tag_functionality=\u00bbdefault\u00bb title=\u00bbComo creo una cuenta en setas de Siecha?\u00bb][vc_column_text]<\/p>\n<p>Puedes seguir este enlace <a href=\"https:\/\/www.setasdesiecha.com\/academia\/registro?action=register\">para registro<\/a>, luego ingresas tu email y nombre de usuario<\/p>\n<p>[\/vc_column_text][\/toggle][toggle color=\u00bbDefault\u00bb heading_tag=\u00bbdefault\u00bb heading_tag_functionality=\u00bbdefault\u00bb title=\u00bbQue necesito para hacer el pedido?\u00bb][vc_column_text]<\/p>\n<p>Tenemos diferentes medios de pago, PSE, Cr\u00e9dito, baloto, Nequi, y m\u00e1s.. As\u00ed que realmente no necesitas nada<\/p>\n<p>[\/vc_column_text][\/toggle][toggle color=\u00bbDefault\u00bb heading_tag=\u00bbdefault\u00bb heading_tag_functionality=\u00bbdefault\u00bb title=\u00bbComo puedo seguir mi pedido?\u00bb][vc_column_text]<\/p>\n<p>Con tu n\u00famero de orden, se puede hacer seguimiento interno, y una vez sea enviado, con la gu\u00eda, enviar\u00e1 notificaci\u00f3n por email y mensaje de texto, el estatus del env\u00edo<\/p>\n<p>[\/vc_column_text][\/toggle][\/toggles][\/vc_column][\/vc_row]<\/p>\n","protected":false},"excerpt":{"rendered":"<p>[vc_row type=\u00bbfull_width_content\u00bb full_screen_row_position=\u00bbmiddle\u00bb column_margin=\u00bbdefault\u00bb equal_height=\u00bbyes\u00bb content_placement=\u00bbmiddle\u00bb column_direction=\u00bbdefault\u00bb column_direction_tablet=\u00bbdefault\u00bb column_direction_phone=\u00bbdefault\u00bb bg_color=\u00bb#f7f7f7&#8243; scene_position=\u00bbcenter\u00bb text_color=\u00bbdark\u00bb text_align=\u00bbleft\u00bb row_border_radius=\u00bbnone\u00bb row_border_radius_applies=\u00bbbg\u00bb overflow=\u00bbvisible\u00bb overlay_strength=\u00bb0.3&#8243; gradient_direction=\u00bbleft_to_right\u00bb shape_divider_position=\u00bbbottom\u00bb bg_image_animation=\u00bbnone\u00bb shape_type=\u00bb\u00bb][vc_column column_padding=\u00bbpadding-8-percent\u00bb column_padding_tablet=\u00bbinherit\u00bb column_padding_phone=\u00bbinherit\u00bb column_padding_position=\u00bball\u00bb column_element_direction_desktop=\u00bbdefault\u00bb column_element_spacing=\u00bbdefault\u00bb desktop_text_alignment=\u00bbdefault\u00bb tablet_text_alignment=\u00bbdefault\u00bb phone_text_alignment=\u00bbdefault\u00bb background_color=\u00bb#0a0a0a\u00bb background_color_opacity=\u00bb0.8&#8243; background_hover_color_opacity=\u00bb1&#8243; background_image=\u00bbhttps:\/\/source.unsplash.com\/featured\/1000&#215;1000\/daily\/?epic\u00bb background_image_position=\u00bbcenter center\u00bb background_image_stacking=\u00bbdefault\u00bb background_image_loading=\u00bbdefault\u00bb column_backdrop_filter=\u00bbnone\u00bb font_color=\u00bb#ffffff\u00bb column_shadow=\u00bbnone\u00bb column_border_radius=\u00bbnone\u00bb column_link_target=\u00bb_self\u00bb column_position=\u00bbdefault\u00bb gradient_direction=\u00bbleft_to_right\u00bb overlay_strength=\u00bb0.3&#8243; width=\u00bb1\/2&#8243; tablet_width_inherit=\u00bbdefault\u00bb animation_type=\u00bbdefault\u00bb bg_image_animation=\u00bbnone\u00bb border_type=\u00bbsimple\u00bb column_border_width=\u00bbnone\u00bb column_border_style=\u00bbsolid\u00bb][vc_custom_heading text=\u00bb\u00bfAlguna Pregunta? [&hellip;]<\/p>\n","protected":false},"author":1,"featured_media":0,"parent":0,"menu_order":0,"comment_status":"closed","ping_status":"closed","template":"","meta":{"footnotes":""},"class_list":["post-2221","page","type-page","status-publish","hentry"],"blocksy_meta":[],"_links":{"self":[{"href":"https:\/\/www.setasdesiecha.com\/academia\/wp-json\/wp\/v2\/pages\/2221","targetHints":{"allow":["GET"]}}],"collection":[{"href":"https:\/\/www.setasdesiecha.com\/academia\/wp-json\/wp\/v2\/pages"}],"about":[{"href":"https:\/\/www.setasdesiecha.com\/academia\/wp-json\/wp\/v2\/types\/page"}],"author":[{"embeddable":true,"href":"https:\/\/www.setasdesiecha.com\/academia\/wp-json\/wp\/v2\/users\/1"}],"replies":[{"embeddable":true,"href":"https:\/\/www.setasdesiecha.com\/academia\/wp-json\/wp\/v2\/comments?post=2221"}],"version-history":[{"count":0,"href":"https:\/\/www.setasdesiecha.com\/academia\/wp-json\/wp\/v2\/pages\/2221\/revisions"}],"wp:attachment":[{"href":"https:\/\/www.setasdesiecha.com\/academia\/wp-json\/wp\/v2\/media?parent=2221"}],"curies":[{"name":"wp","href":"https:\/\/api.w.org\/{rel}","templated":true}]}}